{"id":11,"date":"2016-10-24T18:27:26","date_gmt":"2016-10-24T18:27:26","guid":{"rendered":"http:\/\/correduria82.webhop.me\/?page_id=11"},"modified":"2016-10-24T19:51:45","modified_gmt":"2016-10-25T01:51:45","slug":"links-de-interes","status":"publish","type":"page","link":"http:\/\/www.correduria82.com\/?page_id=11","title":{"rendered":"LINKS DE INTERES"},"content":{"rendered":"<table>\n<tbody>\n<tr>\n<td><a href=\"http:\/\/www.scjn.gob.mx\" target=\"_blank\"><img loading=\"lazy\" class=\"size-full wp-image-26\" src=\"http:\/\/correduria82.webhop.me\/wp-content\/uploads\/2016\/10\/SupremaCorte.png\" alt=\"Suprema Corte de Justicia de la Naci\u00f3n\" width=\"50\" height=\"44\" \/><\/a><\/td>\n<td style=\"text-align: left;\"><a href=\"http:\/\/www.scjn.gob.mx\" target=\"_blank\"><strong>Suprema Corte de Justicia de la Naci\u00f3n<\/strong><\/a><\/td>\n<td><a href=\"http:\/\/www.cjf.gob.mx\" target=\"_blank\"><img loading=\"lazy\" class=\"alignnone size-full wp-image-33\" src=\"http:\/\/correduria82.webhop.me\/wp-content\/uploads\/2016\/10\/ConsejoJudicatura.jpg\" alt=\"consejojudicatura\" width=\"50\" height=\"44\" \/><\/a><\/td>\n<td style=\"text-align: left;\"><a href=\"http:\/\/www.cjf.gob.mx\" target=\"_blank\"><strong>Consejo de la Judicatura Federal<\/strong><\/a><\/td>\n<\/tr>\n<tr>\n<td><a href=\"http:\/\/www.tfja.mx\/\" target=\"_blank\"><img loading=\"lazy\" class=\"alignnone wp-image-39 size-full\" src=\"http:\/\/correduria82.webhop.me\/wp-content\/uploads\/2016\/10\/TribunalFederal.jpg\" width=\"50\" height=\"44\" \/><\/a><\/td>\n<td><a href=\"http:\/\/www.tfja.mx\/\" target=\"_blank\"><strong>Tribunal Federal de Justicia Fiscal y Administrativa<\/strong><\/a><\/td>\n<td><a href=\"http:\/\/www.sat.gob.mx\" target=\"_blank\"><img loading=\"lazy\" class=\"alignnone wp-image-40 size-full\" src=\"http:\/\/correduria82.webhop.me\/wp-content\/uploads\/2016\/10\/Sat.jpg\" width=\"50\" height=\"44\" \/><\/a><\/td>\n<td><a href=\"http:\/\/www.sat.gob.mx\" target=\"_blank\"><strong>Servicio de Administraci\u00f3n Tributaria<\/strong><\/a><\/td>\n<\/tr>\n<tr>\n<td><a href=\"http:\/\/www.bma.org.mx\" target=\"_blank\"><img loading=\"lazy\" class=\"alignnone wp-image-46 size-full\" src=\"http:\/\/correduria82.webhop.me\/wp-content\/uploads\/2016\/10\/BarraAbogados.jpg\" width=\"50\" height=\"44\" \/><\/a><\/td>\n<td><a href=\"http:\/\/www.bma.org.mx\" target=\"_blank\"><strong>Barra Mexicana Colegio de Abogados<\/strong><\/a><\/td>\n<td><a href=\"http:\/\/anademx.com\/\" target=\"_blank\"><img loading=\"lazy\" class=\"wp-image-47 size-full alignnone\" src=\"http:\/\/correduria82.webhop.me\/wp-content\/uploads\/2016\/10\/AsociacionNalAbogados.jpg\" width=\"50\" height=\"44\" \/><\/a><\/td>\n<td><a href=\"http:\/\/anademx.com\/\" target=\"_blank\"><strong>Asociaci\u00f3n Nacional de Abogados de Empresa<\/strong><\/a><\/td>\n<\/tr>\n<tr>\n<td><a href=\"http:\/\/www.incam.org\" target=\"_blank\"><img loading=\"lazy\" class=\"alignnone wp-image-49 size-full\" src=\"http:\/\/correduria82.webhop.me\/wp-content\/uploads\/2016\/10\/AsociacionNalAbogadosEmp.jpg\" width=\"50\" height=\"44\" \/><\/a><\/td>\n<td><a href=\"http:\/\/www.incam.org\" target=\"_blank\"><strong>Ilustre y Nacional Colegio de Abogados de M\u00e9xico<\/strong><\/a><\/td>\n<td><a href=\"http:\/\/dof.gob.mx\" target=\"_blank\"><img loading=\"lazy\" class=\"alignnone wp-image-48 size-full\" src=\"http:\/\/correduria82.webhop.me\/wp-content\/uploads\/2016\/10\/Dof.jpg\" width=\"50\" height=\"44\" \/><\/a><\/td>\n<td><a href=\"http:\/\/dof.gob.mx\" target=\"_blank\"><strong>Diario Oficial de la Federaci\u00f3n<\/strong><\/a><\/td>\n<\/tr>\n<tr>\n<td><a href=\"http:\/\/data.consejeria.cdmx.gob.mx\/index.php\/gaceta\" target=\"_blank\"><img loading=\"lazy\" class=\"alignnone wp-image-51 size-full\" src=\"http:\/\/correduria82.webhop.me\/wp-content\/uploads\/2016\/10\/GacetaDF.jpg\" width=\"50\" height=\"44\" \/><\/a><\/td>\n<td><a href=\"http:\/\/data.consejeria.cdmx.gob.mx\/index.php\/gaceta\" target=\"_blank\"><strong>Gaceta Oficial de la Ciudad de M\u00e9xico<\/strong><\/a><\/td>\n<td><a href=\"http:\/\/www.diputados.gob.mx\/LeyesBiblio\/index.htm\" target=\"_blank\"><img loading=\"lazy\" class=\"alignnone wp-image-52 size-full\" src=\"http:\/\/correduria82.webhop.me\/wp-content\/uploads\/2016\/10\/LeyesFederales.jpg\" width=\"50\" height=\"44\" \/><\/a><\/td>\n<td><a href=\"http:\/\/www.diputados.gob.mx\/LeyesBiblio\/index.htm\" target=\"_blank\"><strong>Leyes Federales de M\u00e9xico<\/strong><\/a><\/td>\n<\/tr>\n<tr>\n<td><a href=\"http:\/\/www.ordenjuridico.gob.mx\" target=\"_blank\"><img loading=\"lazy\" class=\"alignnone wp-image-54 size-full\" src=\"http:\/\/correduria82.webhop.me\/wp-content\/uploads\/2016\/10\/OrdenJuridico.jpg\" width=\"50\" height=\"44\" \/><\/a><\/td>\n<td><a href=\"http:\/\/www.ordenjuridico.gob.mx\" target=\"_blank\"><strong>Orden Jur\u00eddico Nacional<\/strong><\/a><\/td>\n<td><a href=\"http:\/\/www.eld.edu.mx\" target=\"_blank\"><img loading=\"lazy\" class=\"alignnone wp-image-55 size-full\" src=\"http:\/\/correduria82.webhop.me\/wp-content\/uploads\/2016\/10\/EscuelaLibre.jpg\" width=\"50\" height=\"44\" \/><\/a><\/td>\n<td><a href=\"http:\/\/www.eld.edu.mx\" target=\"_blank\"><strong>Escuela Libre de Derecho<\/strong><\/a><\/td>\n<\/tr>\n<tr>\n<td><a href=\"http:\/\/www.uia.mx\" target=\"_blank\"><img loading=\"lazy\" class=\"alignnone wp-image-53 size-full\" src=\"http:\/\/correduria82.webhop.me\/wp-content\/uploads\/2016\/10\/Ibero.jpg\" width=\"50\" height=\"44\" \/><\/a><\/td>\n<td><a href=\"http:\/\/www.uia.mx\" target=\"_blank\"><strong>Universidad Iberoamericana<\/strong><\/a><\/td>\n<td><\/td>\n<td><\/td>\n<\/tr>\n<\/tbody>\n<\/table>\n","protected":false},"excerpt":{"rendered":"<p>Suprema Corte de Justicia de la Naci\u00f3n Consejo de la Judicatura Federal Tribunal Federal de Justicia Fiscal y Administrativa Servicio de Administraci\u00f3n Tributaria Barra Mexicana Colegio de Abogados Asociaci\u00f3n Nacional de Abogados de Empresa Ilustre y Nacional Colegio de Abogados de M\u00e9xico Diario Oficial de la Federaci\u00f3n Gaceta Oficial de\u2026<\/p>\n<p> <a class=\"continue-reading-link\" href=\"http:\/\/www.correduria82.com\/?page_id=11\"><span>Continue reading<\/span><i class=\"crycon-right-dir\"><\/i><\/a> <\/p>\n","protected":false},"author":1,"featured_media":0,"parent":0,"menu_order":2,"comment_status":"closed","ping_status":"closed","template":"","meta":[],"_links":{"self":[{"href":"http:\/\/www.correduria82.com\/index.php?rest_route=\/wp\/v2\/pages\/11"}],"collection":[{"href":"http:\/\/www.correduria82.com\/index.php?rest_route=\/wp\/v2\/pages"}],"about":[{"href":"http:\/\/www.correduria82.com\/index.php?rest_route=\/wp\/v2\/types\/page"}],"author":[{"embeddable":true,"href":"http:\/\/www.correduria82.com\/index.php?rest_route=\/wp\/v2\/users\/1"}],"replies":[{"embeddable":true,"href":"http:\/\/www.correduria82.com\/index.php?rest_route=%2Fwp%2Fv2%2Fcomments&post=11"}],"version-history":[{"count":24,"href":"http:\/\/www.correduria82.com\/index.php?rest_route=\/wp\/v2\/pages\/11\/revisions"}],"predecessor-version":[{"id":82,"href":"http:\/\/www.correduria82.com\/index.php?rest_route=\/wp\/v2\/pages\/11\/revisions\/82"}],"wp:attachment":[{"href":"http:\/\/www.correduria82.com\/index.php?rest_route=%2Fwp%2Fv2%2Fmedia&parent=11"}],"curies":[{"name":"wp","href":"https:\/\/api.w.org\/{rel}","templated":true}]}}