{"id":2,"date":"2016-10-24T16:11:00","date_gmt":"2016-10-24T16:11:00","guid":{"rendered":"http:\/\/correduria82.webhop.me\/?page_id=2"},"modified":"2016-11-03T18:14:47","modified_gmt":"2016-11-04T00:14:47","slug":"pagina-ejemplo","status":"publish","type":"page","link":"http:\/\/www.correduria82.com\/","title":{"rendered":"QUIENES SOMOS"},"content":{"rendered":"<p><strong>QUIENES SOMOS<\/strong><\/p>\n<p style=\"text-align: justify;\">Somos una organizaci\u00f3n de Abogados, Contadores P\u00fablicos y Consultores de Negocios, estableciendo como objetivo principal el brindar excelencia t\u00e9cnica y calidad profesional en los trabajos contratados por nuestros Clientes.<\/p>\n<p style=\"text-align: justify;\">Para nosotros lo m\u00e1s importante es obtener siempre resultados favorables a los intereses de nuestros clientes por medio de la prestaci\u00f3n de un servicio basado en el mayor grado de compromiso, calidad, confianza, profesionalismo, legalidad, responsabilidad, transparencia, respeto e inteligencia.<\/p>\n<p><img loading=\"lazy\" class=\"aligncenter wp-image-22 size-full\" src=\"http:\/\/correduria82.webhop.me\/wp-content\/uploads\/2016\/10\/MisionVisionValres.png\" alt=\"misionvisionvalres\" width=\"978\" height=\"720\" srcset=\"http:\/\/www.correduria82.com\/wp-content\/uploads\/2016\/10\/MisionVisionValres.png 978w, http:\/\/www.correduria82.com\/wp-content\/uploads\/2016\/10\/MisionVisionValres-300x221.png 300w, http:\/\/www.correduria82.com\/wp-content\/uploads\/2016\/10\/MisionVisionValres-768x565.png 768w, http:\/\/www.correduria82.com\/wp-content\/uploads\/2016\/10\/MisionVisionValres-204x150.png 204w, http:\/\/www.correduria82.com\/wp-content\/uploads\/2016\/10\/MisionVisionValres-150x110.png 150w\" sizes=\"(max-width: 978px) 100vw, 978px\" \/><\/p>\n","protected":false},"excerpt":{"rendered":"<p>QUIENES SOMOS Somos una organizaci\u00f3n de Abogados, Contadores P\u00fablicos y Consultores de Negocios, estableciendo como objetivo principal el brindar excelencia t\u00e9cnica y calidad profesional en los trabajos contratados por nuestros Clientes. Para nosotros lo m\u00e1s importante es obtener siempre resultados favorables a los intereses de nuestros clientes por medio de\u2026<\/p>\n<p> <a class=\"continue-reading-link\" href=\"http:\/\/www.correduria82.com\/\"><span>Continue reading<\/span><i class=\"crycon-right-dir\"><\/i><\/a> <\/p>\n","protected":false},"author":1,"featured_media":0,"parent":0,"menu_order":0,"comment_status":"closed","ping_status":"open","template":"","meta":[],"_links":{"self":[{"href":"http:\/\/www.correduria82.com\/index.php?rest_route=\/wp\/v2\/pages\/2"}],"collection":[{"href":"http:\/\/www.correduria82.com\/index.php?rest_route=\/wp\/v2\/pages"}],"about":[{"href":"http:\/\/www.correduria82.com\/index.php?rest_route=\/wp\/v2\/types\/page"}],"author":[{"embeddable":true,"href":"http:\/\/www.correduria82.com\/index.php?rest_route=\/wp\/v2\/users\/1"}],"replies":[{"embeddable":true,"href":"http:\/\/www.correduria82.com\/index.php?rest_route=%2Fwp%2Fv2%2Fcomments&post=2"}],"version-history":[{"count":7,"href":"http:\/\/www.correduria82.com\/index.php?rest_route=\/wp\/v2\/pages\/2\/revisions"}],"predecessor-version":[{"id":92,"href":"http:\/\/www.correduria82.com\/index.php?rest_route=\/wp\/v2\/pages\/2\/revisions\/92"}],"wp:attachment":[{"href":"http:\/\/www.correduria82.com\/index.php?rest_route=%2Fwp%2Fv2%2Fmedia&parent=2"}],"curies":[{"name":"wp","href":"https:\/\/api.w.org\/{rel}","templated":true}]}}