{"id":63,"date":"2016-10-24T17:21:11","date_gmt":"2016-10-24T23:21:11","guid":{"rendered":"http:\/\/correduria82.webhop.me\/?page_id=63"},"modified":"2016-11-03T19:18:44","modified_gmt":"2016-11-04T01:18:44","slug":"contacto","status":"publish","type":"page","link":"http:\/\/www.correduria82.com\/?page_id=63","title":{"rendered":"CONTACTO"},"content":{"rendered":"<h3><strong>CIUDAD DE M\u00c9XICO<\/strong><\/h3>\n<ul>\n<li>Av. Guillermo Gonz\u00e1lez Camarena No. 999, Piso 1 Int. 2101 Col. Santa Fe, C.P. 01210, Ciudad de M\u00e9xico.<\/li>\n<li>Website: <a href=\"http:\/\/www.correduria82.com\">http:\/\/www.correduria82.com<\/a><\/li>\n<li>Email: <a href=\"mailto:contacto@correduria82.com\">contacto@correduria82.com<\/a><\/li>\n<\/ul>\n<p><iframe loading=\"lazy\" style=\"border: 0;\" src=\"https:\/\/www.google.com\/maps\/embed?pb=!1m18!1m12!1m3!1d5323.2297030838345!2d-99.26843576681702!3d19.365176465374535!2m3!1f0!2f0!3f0!3m2!1i1024!2i768!4f13.1!3m3!1m2!1s0x85d200c49514ab9d%3A0x1028066e1428fd23!2sCorredur%C3%ADa+Publica+N%C2%B0+82%2C+Distrito+Federal!5e0!3m2!1ses!2smx!4v1477359268792\" width=\"100%\" height=\"450\" frameborder=\"0\" allowfullscreen=\"allowfullscreen\"><\/iframe><\/p>\n<p>&nbsp;<\/p>\n<h3><strong>GUADALAJARA<\/strong><\/h3>\n<ul>\n<li>Pedro Moreno No. 1677 5\u00ba Piso Oficina 8 Col. Americana, C.P. 44160 Guadalajara, Jalisco. M\u00e9xico.<\/li>\n<li>Tel\u00e9fono: (33) 3616-8651<\/li>\n<li>Website: <a href=\"http:\/\/www.correduria82.com\">http:\/\/www.correduria82.com<\/a><\/li>\n<li>Email: <a href=\"mailto:jorozco@correduria82.com\">jorozco@correduria82.com<\/a><\/li>\n<\/ul>\n<p><iframe loading=\"lazy\" style=\"border: 0;\" src=\"https:\/\/www.google.com\/maps\/embed?pb=!1m18!1m12!1m3!1d2639.5288457360853!2d-103.37219204946797!3d20.675375995095834!2m3!1f0!2f0!3f0!3m2!1i1024!2i768!4f13.1!3m3!1m2!1s0x8428ae0fe2fb34d3%3A0x230e7c786ef1c1b2!2sCalle+Pedro+Moreno+1677%2C+Americana%2C+44160+Guadalajara%2C+Jal.!5e0!3m2!1ses!2smx!4v1477359135263\" width=\"100%\" height=\"450\" frameborder=\"0\" allowfullscreen=\"allowfullscreen\"><\/iframe><\/p>\n","protected":false},"excerpt":{"rendered":"<p>CIUDAD DE M\u00c9XICO Av. Guillermo Gonz\u00e1lez Camarena No. 999, Piso 1 Int. 2101 Col. Santa Fe, C.P. 01210, Ciudad de M\u00e9xico. Website: http:\/\/www.correduria82.com Email: contacto@correduria82.com &nbsp; GUADALAJARA Pedro Moreno No. 1677 5\u00ba Piso Oficina 8 Col. Americana, C.P. 44160 Guadalajara, Jalisco. M\u00e9xico. Tel\u00e9fono: (33) 3616-8651 Website: http:\/\/www.correduria82.com Email: jorozco@correduria82.com<\/p>\n<p> <a class=\"continue-reading-link\" href=\"http:\/\/www.correduria82.com\/?page_id=63\"><span>Continue reading<\/span><i class=\"crycon-right-dir\"><\/i><\/a> <\/p>\n","protected":false},"author":1,"featured_media":0,"parent":0,"menu_order":4,"comment_status":"closed","ping_status":"closed","template":"","meta":[],"_links":{"self":[{"href":"http:\/\/www.correduria82.com\/index.php?rest_route=\/wp\/v2\/pages\/63"}],"collection":[{"href":"http:\/\/www.correduria82.com\/index.php?rest_route=\/wp\/v2\/pages"}],"about":[{"href":"http:\/\/www.correduria82.com\/index.php?rest_route=\/wp\/v2\/types\/page"}],"author":[{"embeddable":true,"href":"http:\/\/www.correduria82.com\/index.php?rest_route=\/wp\/v2\/users\/1"}],"replies":[{"embeddable":true,"href":"http:\/\/www.correduria82.com\/index.php?rest_route=%2Fwp%2Fv2%2Fcomments&post=63"}],"version-history":[{"count":16,"href":"http:\/\/www.correduria82.com\/index.php?rest_route=\/wp\/v2\/pages\/63\/revisions"}],"predecessor-version":[{"id":90,"href":"http:\/\/www.correduria82.com\/index.php?rest_route=\/wp\/v2\/pages\/63\/revisions\/90"}],"wp:attachment":[{"href":"http:\/\/www.correduria82.com\/index.php?rest_route=%2Fwp%2Fv2%2Fmedia&parent=63"}],"curies":[{"name":"wp","href":"https:\/\/api.w.org\/{rel}","templated":true}]}}