{"id":9,"date":"2016-10-24T17:15:17","date_gmt":"2016-10-24T17:15:17","guid":{"rendered":"http:\/\/correduria82.webhop.me\/?page_id=9"},"modified":"2016-11-03T19:14:22","modified_gmt":"2016-11-04T01:14:22","slug":"servicios","status":"publish","type":"page","link":"http:\/\/www.correduria82.com\/?page_id=9","title":{"rendered":"SERVICIOS"},"content":{"rendered":"<h2 style=\"text-align: center;\"><strong>Corredur\u00eda P\u00fablica<\/strong><\/h2>\n<p style=\"text-align: justify;\">Nuestro Socio fundador Juan Enrique Aguilar Lemarroy, est\u00e1 habilitado como Corredor P\u00fablico n\u00famero 82 de la Ciudad de M\u00e9xico, de manera que podemos ofrecer a nuestros clientes, servicios de valuaci\u00f3n y servicios de Fe P\u00fablica en materia mercantil, destac\u00e1ndose principalmente los siguientes:<\/p>\n<ul>\n<li>Constituci\u00f3n de sociedades mercantiles;<\/li>\n<li>Formalizaci\u00f3n de actas de asambleas de socios o accionistas;<\/li>\n<li>Fusi\u00f3n, escisi\u00f3n y liquidaci\u00f3n de sociedades mercantiles;<\/li>\n<li>Copias certificadas de documentos mercantiles;<\/li>\n<li>Notificaciones, interpelaciones y requerimientos mercantiles;<\/li>\n<li>Fe de hechos mercantiles;<\/li>\n<li>Ratificaci\u00f3n de contratos;<\/li>\n<li>Intermediaci\u00f3n mercantil;<\/li>\n<li>Valuaci\u00f3n de todo tipo de bienes y servicios;<\/li>\n<li>Mediaci\u00f3n y arbitraje.<\/li>\n<\/ul>\n<p>&nbsp;<\/p>\n<h2 style=\"text-align: center;\"><strong>Servicios de Mediaci\u00f3n Privada<\/strong><\/h2>\n<p>La mediaci\u00f3n como medio alternativo de soluci\u00f3n de controversias, surgi\u00f3 en el a\u00f1o 2008, con la reforma al art\u00edculo 17 Constitucional y a la Ley Org\u00e1nica del Tribunal Superior de Justicia del Distrito Federal, creando un Centro de Justicia Alternativa, el cual tiene como funci\u00f3n resolver de manera definitiva conflictos que se susciten entre particulares, sin la intervenci\u00f3n de autoridades, haci\u00e9ndolo a la par de la administraci\u00f3n de justicia tradicional, llevada a cabo por los jueces del Tribunal.<\/p>\n<p style=\"text-align: justify;\">Contamos con expertos mediadores privados, capacitados y habilitados directamente en el Centro de Justicia Alternativa del Tribunal Superior de Justicia de la Ciudad de M\u00e9xico, que ponen a disposici\u00f3n sus servicios para lograr la soluci\u00f3n eficaz y eficiente de las controversias, <strong><u>sin necesidad de acudir a la sede de los Tribunales del Distrito Federal<\/u><\/strong>, acelerando as\u00ed la administraci\u00f3n de justicia y consecuentemente generando una mayor producci\u00f3n y rendimiento en las empresas que opten por esta novedosa alternativa de soluci\u00f3n de conflictos.<\/p>\n<p>&nbsp;<\/p>\n<h2 style=\"text-align: center;\"><strong>Derecho Corporativo y Contractual<\/strong><\/h2>\n<p>Realizamos las actas constitutivas de personas morales, estudios para determinar la opci\u00f3n legal m\u00e1s favorable a la sociedad de acuerdo al negocio por desarrollar, elaboraci\u00f3n de actas de asambleas y todo lo relacionado con las personas morales.<\/p>\n<p style=\"text-align: justify;\">Asimismo, elaboramos cualquier tipo de contrato de acuerdo a las necesidades de nuestros clientes en las distintas ramas del derecho, siempre buscando la seguridad jur\u00eddica de nuestros clientes para evitar contingencias o en su caso asegurar un resultado positivo, bas\u00e1ndonos en la experiencia \u00fatil que solo los litigios conceden.<\/p>\n<p>&nbsp;<\/p>\n<h2 style=\"text-align: center;\"><strong>Servicios Corporativos<\/strong><\/h2>\n<ul>\n<li>Asesor\u00eda para la Constituci\u00f3n y organizaci\u00f3n de todo tipo de sociedades mercantiles, sociedades y asociaciones civiles.<\/li>\n<li>Auditor\u00edas Corporativas.<\/li>\n<li>Actas de Asambleas de Accionistas y Sesiones de Consejo de Administraci\u00f3n.<\/li>\n<li>T\u00edtulos de Acciones y Libros Corporativos de la Sociedad (Registro de Acciones, Variaciones de Capital, Actas de Asamblea y Actas del Consejo).<\/li>\n<li>Otorgamiento de Poderes.<\/li>\n<li>Inversiones Extranjeras.<\/li>\n<li>Protecci\u00f3n al Consumidor \/ Entidades Financieras.<\/li>\n<li>Asesor\u00eda para la compra, venta o renta de bienes inmuebles.<\/li>\n<li>Asuntos Migratorios<br \/>\nContratos (Prestaci\u00f3n de Servicios, Obra, Cr\u00e9dito, Licencia de Uso de Marca, Proveedores, Trabajo, Operaci\u00f3n y Administraci\u00f3n Hotelera, entre otros).<\/li>\n<li>Fideicomisos.<\/li>\n<\/ul>\n<p>&nbsp;<\/p>\n<h2 style=\"text-align: center;\"><strong>Propiedad Intelectual<\/strong><\/h2>\n<ul>\n<li>Registro de Marcas y de Derechos de Autor, as\u00ed como los contratos de licencia correspondientes.<\/li>\n<li>Tr\u00e1mite, gesti\u00f3n y seguimiento de los asuntos del Instituto Mexicano de la Propiedad Industrial y ante la Direcci\u00f3n General del Derecho de Autor.<\/li>\n<li>Protecci\u00f3n y Defensa de todo tipo de derechos en materia de Propiedad Intelectual.<\/li>\n<li>Asesor\u00eda en el desarrollo, as\u00ed como en la formulaci\u00f3n de contratos relacionados con los asuntos antes descritos.<\/li>\n<\/ul>\n<p>&nbsp;<\/p>\n<h2 style=\"text-align: center;\"><strong>Planeaci\u00f3n fiscal e ingenier\u00eda integral<\/strong><\/h2>\n<p>Consiste en el an\u00e1lisis y estudio del marco legal aplicable que le permita al contribuyente, seg\u00fan su actividad, lograr el cumplimiento de las obligaciones fiscales optimizando todos sus recursos para reducir su carga impositiva en la medida posible.<\/p>\n<p style=\"text-align: justify;\">Nuestras estrategias se encuentran principalmente soportadas en criterios definitivos y resoluciones aplicables en la materia que otorgan una seguridad jur\u00eddica plena para nuestros clientes.<\/p>\n<p>&nbsp;<\/p>\n<h2 style=\"text-align: center;\"><strong>Consultor\u00eda y asesor\u00eda legal &#8211; administrativa<\/strong><\/h2>\n<p>Como parte de la Asesor\u00eda que brindamos realizamos una verificaci\u00f3n del cumplimiento de las disposiciones legales por parte de nuestros clientes, lo cual permite reducir al m\u00ednimo el riesgo de futuras contingencias para los clientes, as\u00ed como la prevenci\u00f3n legal de contingencias.<\/p>\n<p style=\"text-align: justify;\">A trav\u00e9s de este servicio nuestros clientes gozan en los momentos oportunos del conocimiento pleno de cualquier cambio que en materia legal, administrativa o tributaria suceda y los efectos jur\u00eddicos de los mismos a fin de tomar la decisi\u00f3n correcta en beneficio de la empresa, siempre analizando en cada decisi\u00f3n el costo \u2013 beneficio, porque quien tiene la informaci\u00f3n a tiempo realiza las decisiones adecuadas.<\/p>\n<p>&nbsp;<\/p>\n<h2 style=\"text-align: center;\"><strong>Litigio y asesor\u00eda legal<\/strong><\/h2>\n<p style=\"text-align: justify;\">Como parte de nuestros servicios, brindamos a nuestros clientes una asesor\u00eda efectiva y oportuna para ejercer acciones o bien articular una adecuada defensa ante controversias suscitadas que deriven en juicios o procedimientos llevados a cabo ante los diferentes \u00d3rganos Jurisdiccionales de nuestro pa\u00eds. De igual forma se brinda atenci\u00f3n pertinente para efecto de prevenir futuras contingencias mediante estrategias aplicables al caso concreto, proporcionando certeza legal en cada uno de los actos realizados.<\/p>\n<p>Materias de especialidad y subespecialidad en el \u00e1rea litigiosa.<br \/>\n<strong>Civil:<\/strong><\/p>\n<ul>\n<li>Responsabilidad civil objetiva y subjetiva por negligencia m\u00e9dica.<\/li>\n<li>Controversias de Arrendamiento.<\/li>\n<li>Cumplimiento y Rescisi\u00f3n de contratos.<\/li>\n<li>Reclamaciones de da\u00f1o moral.<\/li>\n<\/ul>\n<p><strong>Mercantil:<br \/>\n<\/strong>Ejecuci\u00f3n para cobro de:<\/p>\n<ul>\n<li>T\u00edtulos de cr\u00e9dito.<\/li>\n<li>Facturas.<\/li>\n<li>Contratos.<\/li>\n<\/ul>\n<p><strong>Familiar:<\/strong><\/p>\n<ul>\n<li>Divorcios.<\/li>\n<li>Alimentos.<\/li>\n<li>Patria Potestad.<\/li>\n<li>Sucesorios.<\/li>\n<li>Interdicci\u00f3n.<\/li>\n<\/ul>\n","protected":false},"excerpt":{"rendered":"<p>Corredur\u00eda P\u00fablica Nuestro Socio fundador Juan Enrique Aguilar Lemarroy, est\u00e1 habilitado como Corredor P\u00fablico n\u00famero 82 de la Ciudad de M\u00e9xico, de manera que podemos ofrecer a nuestros clientes, servicios de valuaci\u00f3n y servicios de Fe P\u00fablica en materia mercantil, destac\u00e1ndose principalmente los siguientes: Constituci\u00f3n de sociedades mercantiles; Formalizaci\u00f3n de\u2026<\/p>\n<p> <a class=\"continue-reading-link\" href=\"http:\/\/www.correduria82.com\/?page_id=9\"><span>Continue reading<\/span><i class=\"crycon-right-dir\"><\/i><\/a> <\/p>\n","protected":false},"author":1,"featured_media":0,"parent":0,"menu_order":1,"comment_status":"closed","ping_status":"closed","template":"","meta":[],"_links":{"self":[{"href":"http:\/\/www.correduria82.com\/index.php?rest_route=\/wp\/v2\/pages\/9"}],"collection":[{"href":"http:\/\/www.correduria82.com\/index.php?rest_route=\/wp\/v2\/pages"}],"about":[{"href":"http:\/\/www.correduria82.com\/index.php?rest_route=\/wp\/v2\/types\/page"}],"author":[{"embeddable":true,"href":"http:\/\/www.correduria82.com\/index.php?rest_route=\/wp\/v2\/users\/1"}],"replies":[{"embeddable":true,"href":"http:\/\/www.correduria82.com\/index.php?rest_route=%2Fwp%2Fv2%2Fcomments&post=9"}],"version-history":[{"count":8,"href":"http:\/\/www.correduria82.com\/index.php?rest_route=\/wp\/v2\/pages\/9\/revisions"}],"predecessor-version":[{"id":87,"href":"http:\/\/www.correduria82.com\/index.php?rest_route=\/wp\/v2\/pages\/9\/revisions\/87"}],"wp:attachment":[{"href":"http:\/\/www.correduria82.com\/index.php?rest_route=%2Fwp%2Fv2%2Fmedia&parent=9"}],"curies":[{"name":"wp","href":"https:\/\/api.w.org\/{rel}","templated":true}]}}